{"id":44390,"date":"2021-07-14T15:03:57","date_gmt":"2021-07-14T19:03:57","guid":{"rendered":"https:\/\/www.dentalux.rs\/alpha-bio-zahnimplantat\/"},"modified":"2025-03-03T01:03:47","modified_gmt":"2025-03-03T00:03:47","slug":"alpha-bio-zahnimplantat","status":"publish","type":"page","link":"https:\/\/www.dentalux.rs\/de\/alpha-bio-zahnimplantat\/","title":{"rendered":"Alpha Bio Zahnimplantat"},"content":{"rendered":"<div class=\"wpb-content-wrapper\"><p>[vc_row row_type=&#8220;row&#8220; use_row_as_full_screen_section=&#8220;no&#8220; type=&#8220;grid&#8220; oblique_section=&#8220;no&#8220; text_align=&#8220;left&#8220; css_animation=&#8220;&#8220;][vc_column][vc_empty_space height=&#8220;42px&#8220; image_repeat=&#8220;no-repeat&#8220;][vc_column_text]<\/p>\n<h2 style=\"text-align: center;\"><span style=\"color: #37688d;\"><strong>ALPHA BIO ZAHNIMPLANTATE \u2013 ZUM SONDERPREIS<br \/>\n<\/strong><\/span><\/h2>\n<p>[\/vc_column_text][vc_empty_space height=&#8220;42px&#8220; image_repeat=&#8220;no-repeat&#8220;][\/vc_column][\/vc_row][vc_row row_type=&#8220;row&#8220; use_row_as_full_screen_section=&#8220;no&#8220; type=&#8220;grid&#8220; oblique_section=&#8220;no&#8220; text_align=&#8220;left&#8220; padding_top=&#8220;20&#8243; css_animation=&#8220;&#8220;][vc_column width=&#8220;1\/4&#8243;][vc_separator type=&#8220;normal&#8220; thickness=&#8220;0&#8243; up=&#8220;10&#8243;][vc_single_image image=&#8220;49024&#8243; img_size=&#8220;medium&#8220; alignment=&#8220;right&#8220; css=&#8220;&#8220; qode_css_animation=&#8220;&#8220;][vc_separator type=&#8220;normal&#8220; thickness=&#8220;0&#8243; up=&#8220;10&#8243;][\/vc_column][vc_column width=&#8220;3\/4&#8243;][vc_column_text css=&#8220;&#8220;]Alpha Bio Zahnimplantate sind der g\u00fcnstigste und hochwertigste Ersatz f\u00fcr fehlende Z\u00e4hne. Schmeckt Ihr Lieblingsessen nach einem Zahnverlust nicht mehr so lecker wie fr\u00fcher? Bringen die Gespr\u00e4che mit Arbeitskollegen Unbehagen, weil Ihr L\u00e4cheln nicht mehr so sch\u00f6n ist wie fr\u00fcher? F\u00fcr alle, die sich ein strahlendes, selbstbewusstes L\u00e4cheln und ein neues Kaugef\u00fchl w\u00fcnschen, gibt es zum Gl\u00fcck eine L\u00f6sung: die Alpha Bio Zahnimplantate!<\/p>\n<p>Alpha Bio ist das Tochterunternehmen von Nobel Biocare, dem weltweit bekannten Hersteller von hochwertigen, langlebigen Zahnimplantaten. Die Zahnarztpraxis Dentalux bietet gemeinsam mit Alpha Bio die Zahnimplantate dieses renommierten Herstellers zum Promopreis von nur 395\u20ac\/St\u00fcck an. Zweifellos ist dies der g\u00fcnstigste Preis f\u00fcr ein Zahnimplantat in Serbien, den wir dank unserer langj\u00e4hrigen Zusammenarbeit mit Alpha Bio f\u00fcr unsere Patienten sichern konnten! Dieses Angebot ist auf eine St\u00fcckzahl von 100 Implantaten begrenzt.[\/vc_column_text][\/vc_column][\/vc_row][vc_row row_type=&#8220;row&#8220; use_row_as_full_screen_section=&#8220;no&#8220; type=&#8220;grid&#8220; oblique_section=&#8220;no&#8220; text_align=&#8220;left&#8220; padding_top=&#8220;20&#8243; css_animation=&#8220;&#8220;][vc_column][vc_column_text]<\/p>\n<h3 style=\"text-align: justify;\"><span style=\"color: #37688d;\"><strong>Warum Empfehlen Wir Alpha Bio Zahnimplantate?<br \/>\n<\/strong><\/span><\/h3>\n<p style=\"text-align: justify;\">Die Alpha bio Zahnimplantate liefern eine starke Basis und einen Dauerhaften Zahnersatz, wobei Ihr Zahnimplantat exakt wie ein gesunder Zahn aussieht und fungiert. Zahnimplantate sind der neue \u201eGoldstandard\u201c f\u00fcr Menschen mit Zahnl\u00fccken. Die Implantate liefern eine starke Basis, sehen aus wie nat\u00fcrliche Z\u00e4hne und machen es m\u00f6glich fehlende Z\u00e4hne zu ersetzen und wieder strahlend zu l\u00e4cheln!<\/p>\n<p>Zahnimplantate sind im Gegensatz zu den anderen Alternativen wie Zahnprothesen oder Zahnbr\u00fccken, langlebig und pflegeleicht. Sie schenken Ihnen ein gesundes L\u00e4cheln und ein gutes Kaugef\u00fchl, ein Leben lang!<\/p>\n<p>[\/vc_column_text][\/vc_column][\/vc_row][vc_row row_type=&#8220;row&#8220; use_row_as_full_screen_section=&#8220;no&#8220; type=&#8220;grid&#8220; oblique_section=&#8220;no&#8220; text_align=&#8220;center&#8220; padding_top=&#8220;20&#8243; padding_bottom=&#8220;30&#8243; css_animation=&#8220;&#8220; size=&#8220;&#8220; style=&#8220;&#8220; fa_icon=&#8220;fa-phone&#8220; fe_icon=&#8220;&#8220; ion_icon=&#8220;&#8220; linea_icon=&#8220;&#8220; icon_position=&#8220;left&#8220; target=&#8220;_self&#8220; font_style=&#8220;&#8220; font_weight=&#8220;&#8220; text=&#8220;Ulep\u0161aj Osmeh Danas!&#8220; link=&#8220;tel:+381692441497&#8243; padding=&#8220;10&#8243; icon_color=&#8220;&#8220; icon_background_color=&#8220;&#8220; icon_background_hover_color=&#8220;&#8220; hover_background_color=&#8220;&#8220; hover_border_color=&#8220;&#8220; margin=&#8220;&#8220; border_radius=&#8220;&#8220;][vc_column]<a href=\"tel:+381692441497\" target=\"_self\"  class=\"qbutton  qbutton_with_icon icon_left\" style=\"padding: 0 10px; \"><i class=\"qode_icon_font_awesome fa fa-phone button_icon\" style=\"width: inherit; margin-right: 10px; \" ><\/i>Erhelle dein L\u00e4cheln Heute!<\/a>[\/vc_column][\/vc_row][vc_row row_type=&#8220;row&#8220; use_row_as_full_screen_section=&#8220;no&#8220; type=&#8220;grid&#8220; oblique_section=&#8220;no&#8220; text_align=&#8220;left&#8220; padding_top=&#8220;20&#8243; css_animation=&#8220;&#8220;][vc_column width=&#8220;2\/3&#8243;][vc_column_text]<\/p>\n<h4 style=\"text-align: left;\"><span style=\"color: #37688d;\"><strong>Die Vorteile von Zahnimplantaten<\/strong><\/span><\/h4>\n<p>\u2013 <a href=\"https:\/\/www.dentalux.rs\/de\/zahnimplantate\/\">Zahnimplantate<\/a> sind langlebig und erfordern ein Mindest an routinierter Pflege. Sie halten ein Leben lang und geben Ihnen Ihr strahlendes, gesundes L\u00e4cheln dauerhaft zur\u00fcck. Die Zahnarztpraxis Dentalux gibt eine lebenslange Garantie auf die Zahnimplantate!<\/p>\n<p>\u2013 Im Gegensatz zu den anderen zahn\u00e4rztlichen Alternativen wie Zahnprothesen oder Br\u00fccken gibt es beim Kaukomfort keine Einbu\u00dfe, da zwischen ihnen kein Raum entsteht. Patienten berichten nach dem Einsetzen der Implantate alles essen zu k\u00f6nnen!<br \/>\n[\/vc_column_text][\/vc_column][vc_column width=&#8220;1\/3&#8243;][vc_separator type=&#8220;normal&#8220; thickness=&#8220;0&#8243; up=&#8220;10&#8243;][vc_single_image image=&#8220;44337&#8243; img_size=&#8220;medium&#8220; alignment=&#8220;right&#8220; qode_css_animation=&#8220;&#8220;][vc_separator type=&#8220;normal&#8220; thickness=&#8220;0&#8243; up=&#8220;10&#8243;][\/vc_column][\/vc_row][vc_row row_type=&#8220;row&#8220; use_row_as_full_screen_section=&#8220;no&#8220; type=&#8220;grid&#8220; oblique_section=&#8220;no&#8220; text_align=&#8220;left&#8220; padding_top=&#8220;20&#8243; css_animation=&#8220;&#8220;][vc_column][vc_column_text]<\/p>\n<h3 style=\"text-align: justify;\"><span style=\"color: #37688d;\"><strong>Wer Kann Sich Zahnimplantate Von Alpha Bio Einsetzen Lassen?<\/strong><\/span><\/h3>\n<p>&nbsp;<\/p>\n<p style=\"text-align: justify;\">Jeder der einen fehlenden Zahn ersetzen m\u00f6chte kann ein Alpha Bio Zahnimplantat bekommen. Das ganze Verfahren angefangen mit der zahn\u00e4rztlichen Beratung bis hin zum Einsetzen des Implantats ist nicht zeitaufwendig, der Eingriff v\u00f6llig schmerzfrei.<\/p>\n<h2><\/h2>\n<h2 style=\"text-align: justify;\"><span style=\"color: #37688d;\"><strong>Preis Der Zahnimplantate<br \/>\n<\/strong><\/span><\/h2>\n<p style=\"text-align: justify;\">Zahnimplantate sind eine gute Investition in die Gesundheit allgemein und in die Gesundheit Ihrer Z\u00e4hne. Sie erleichtern die t\u00e4gliche Nahrungsaufnahme und schenken Ihnen ein sch\u00f6nes L\u00e4cheln. Wir bieten das Alpha bio Zahnimplantat zum Vorzugspreis von nur 295 \u20ac an und haben 100 St\u00fcck im Angebot. Danach sind sie nur noch zum Vollpreis zu bekommen.<\/p>\n<p>Unsere zahnlosen Patienten k\u00f6nnen dieses Top-Angebot nutzen und f\u00fcr einen Preis von nur 1.880 \u20ac vier Zahnimplantate und eine provisorische Zahnbr\u00fccke bekommen.<\/p>\n<p>Nur ein Klick trennt Sie von den hochwertigen und g\u00fcnstigen Zahnimplantaten mit lebenslanger Garantie!<\/p>\n<p>[\/vc_column_text][\/vc_column][\/vc_row][vc_row row_type=&#8220;row&#8220; use_row_as_full_screen_section=&#8220;no&#8220; type=&#8220;grid&#8220; oblique_section=&#8220;no&#8220; text_align=&#8220;left&#8220; padding_top=&#8220;20&#8243; css_animation=&#8220;&#8220;][vc_column][vc_column_text]<\/p>\n<h3><span style=\"color: #37688d;\"><strong>Das Einsetzen Der Implantate In 3 Schritten<\/strong><\/span><\/h3>\n<p style=\"text-align: justify;\">1. Nachdem Sie uns kontaktiert haben erhalten Sie eine \u00dcberweisung f\u00fcr eine 3D-R\u00f6ntgenaufnahme Ihres Gebisses.<\/p>\n<p>2. Sie kommen zur zahn\u00e4rztlichen Untersuchung mit der 3D-Aufnahme. Sollte das Einsetzen der Implantate m\u00f6glich sein, werden wir einen Termin f\u00fcr den Eingriff vereinbaren. Bei diesem Besuch zahlen Sie nur 50% vom Gesamtpreis, um das Implantat\/die Implantate zum Aktionspreis f\u00fcr sich zu reservieren. Diese Promoaktion ist auf insgesamt 100 Implantate begrenzt.<\/p>\n<p>3. Sie besuchen uns erneut zum vereinbarten Termin. Das Implantat\/die Implantate werden eingesetz und jetzt zahlen Sie die restlichen 50%.<\/p>\n<p>[\/vc_column_text][\/vc_column][\/vc_row][vc_row row_type=&#8220;row&#8220; use_row_as_full_screen_section=&#8220;no&#8220; type=&#8220;grid&#8220; oblique_section=&#8220;no&#8220; text_align=&#8220;center&#8220; padding_top=&#8220;20&#8243; padding_bottom=&#8220;30&#8243; css_animation=&#8220;&#8220; size=&#8220;&#8220; style=&#8220;&#8220; fa_icon=&#8220;fa-phone&#8220; fe_icon=&#8220;&#8220; ion_icon=&#8220;&#8220; linea_icon=&#8220;&#8220; icon_position=&#8220;left&#8220; target=&#8220;_self&#8220; font_style=&#8220;&#8220; font_weight=&#8220;&#8220; text=&#8220;Ulep\u0161aj Osmeh Danas!&#8220; link=&#8220;tel:+381692441497&#8243; padding=&#8220;10&#8243; icon_color=&#8220;&#8220; icon_background_color=&#8220;&#8220; icon_background_hover_color=&#8220;&#8220; hover_background_color=&#8220;&#8220; hover_border_color=&#8220;&#8220; margin=&#8220;&#8220; border_radius=&#8220;&#8220;][vc_column]<a href=\"tel:+381692441497\" target=\"_self\"  class=\"qbutton  qbutton_with_icon icon_left\" style=\"padding: 0 10px; \"><i class=\"qode_icon_font_awesome fa fa-phone button_icon\" style=\"width: inherit; margin-right: 10px; \" ><\/i>Erhelle dein L\u00e4cheln Heute!<\/a>[\/vc_column][\/vc_row][vc_row row_type=&#8220;row&#8220; use_row_as_full_screen_section=&#8220;no&#8220; type=&#8220;grid&#8220; oblique_section=&#8220;no&#8220; text_align=&#8220;left&#8220; css_animation=&#8220;&#8220;][vc_column][vc_column_text]Die Zahnarztpraxis Dentalux hat ihren Sitz in Belgrad, in Vracar und verf\u00fcgt \u00fcber fest angestellte Experten: Dr. Zoran Stajic, Facharzt f\u00fcr Oralchirurgie, und Dr. Srdjan Konatar, Facharzt f\u00fcr Prothetik.[\/vc_column_text][\/vc_column][\/vc_row][vc_row row_type=&#8220;row&#8220; use_row_as_full_screen_section=&#8220;no&#8220; type=&#8220;grid&#8220; oblique_section=&#8220;no&#8220; text_align=&#8220;left&#8220; padding_top=&#8220;20&#8243; css_animation=&#8220;&#8220; target=&#8220;_self&#8220; animation=&#8220;&#8220; image=&#8220;40720&#8243; hover_image=&#8220;40721&#8243; link=&#8220;#&#8220; animation_speed=&#8220;&#8220;][vc_column width=&#8220;1\/4&#8243;]<div class='image_hover ' style='' data-transition-delay=''><div class='images_holder'><a href='#' target='_self'><img class='active_image ' src='https:\/\/www.dentalux.rs\/wp-content\/uploads\/2015\/04\/tim01.jpg' alt='' style='' \/><img class='hover_image' src='https:\/\/www.dentalux.rs\/wp-content\/uploads\/2015\/04\/tim01h.jpg' alt='' style='' \/><\/a><\/div><\/div>[\/vc_column][vc_column width=&#8220;3\/4&#8243;][vc_separator type=&#8220;normal&#8220; thickness=&#8220;0&#8243; up=&#8220;20&#8243;]<div class=\"custom_font_holder\" style=\"font-family: Open Sans; font-size: 16px; font-style: normal; font-weight: 400; color: #494949; text-decoration: none; letter-spacing: 0px; text-align: left;\"><span >Dr Zoran Staji\u0107 \/ specijalista oralne hirurgije \/ <span style=\"color: #37688d;\"><a style=\"color: #37688d;\" href=\"mailto:dr_zoran2002@yahoo.com\">dr_zoran2002@yahoo.com<\/a><\/span><\/span><\/div>[vc_separator type=&#8220;normal&#8220; thickness=&#8220;0&#8243; up=&#8220;20&#8243;][vc_column_text css=&#8220;.vc_custom_1606615997767{padding-right: 15% !important;}&#8220;]<br \/>\nAbsolvierte die Zahnmedizinische Fakult\u00e4t in Belgrad. Seine Weiterbildung in den Bereichen Implantologie und Paradontologie hat er an der Zahn\u00e4rztlichen Fakult\u00e4t in New York (USA) und im Bereich Oralchirurgie an der Zahn\u00e4rztlichen Fakult\u00e4t in Belgrad gemacht. Dr. Staji\u0107 ist aber in allen Bereichen der Zahnarztheilkunde t\u00e4tig. Er ist einer der ersten in unserem Land, der Laser in der allt\u00e4glichen Zahnbehandlung einsetzte. Seine Weiterbildung zu der Laserverwendung hat er in Israel ind den USA gemacht. Er ist das Mitglied der amerikanischen Akademie f\u00fcr Laserzahnbehandlung (American Academy of Laser Dentistry) und regelm\u00e4ssiger Teilnehmer ihrer Kongresse. <a href=\"http:\/\/www.laserdentistry.org\" target=\"_blank\" rel=\"noopener\">www.laserdentistry.org<\/a><br \/>\n[\/vc_column_text][\/vc_column][\/vc_row]<\/p>\n<\/div>","protected":false},"excerpt":{"rendered":"<p>[vc_row row_type=&#8220;row&#8220; use_row_as_full_screen_section=&#8220;no&#8220; type=&#8220;grid&#8220; oblique_section=&#8220;no&#8220; text_align=&#8220;left&#8220; css_animation=&#8220;&#8220;][vc_column][vc_empty_space height=&#8220;42px&#8220; image_repeat=&#8220;no-repeat&#8220;][vc_column_text] ALPHA BIO ZAHNIMPLANTATE \u2013 ZUM SONDERPREIS [\/vc_column_text][vc_empty_space height=&#8220;42px&#8220; image_repeat=&#8220;no-repeat&#8220;][\/vc_column][\/vc_row][vc_row row_type=&#8220;row&#8220; use_row_as_full_screen_section=&#8220;no&#8220; type=&#8220;grid&#8220; oblique_section=&#8220;no&#8220; text_align=&#8220;left&#8220; padding_top=&#8220;20&#8243; css_animation=&#8220;&#8220;][vc_column width=&#8220;1\/4&#8243;][vc_separator type=&#8220;normal&#8220; thickness=&#8220;0&#8243; up=&#8220;10&#8243;][vc_single_image image=&#8220;49024&#8243; img_size=&#8220;medium&#8220; alignment=&#8220;right&#8220; css=&#8220;&#8220; qode_css_animation=&#8220;&#8220;][vc_separator type=&#8220;normal&#8220; thickness=&#8220;0&#8243; up=&#8220;10&#8243;][\/vc_column][vc_column width=&#8220;3\/4&#8243;][vc_column_text css=&#8220;&#8220;]Alpha Bio Zahnimplantate sind der g\u00fcnstigste und&#8230;<\/p>\n","protected":false},"author":1,"featured_media":49024,"parent":0,"menu_order":0,"comment_status":"closed","ping_status":"closed","template":"full_width.php","meta":{"footnotes":""},"class_list":["post-44390","page","type-page","status-publish","has-post-thumbnail","hentry"],"_links":{"self":[{"href":"https:\/\/www.dentalux.rs\/de\/wp-json\/wp\/v2\/pages\/44390","targetHints":{"allow":["GET"]}}],"collection":[{"href":"https:\/\/www.dentalux.rs\/de\/wp-json\/wp\/v2\/pages"}],"about":[{"href":"https:\/\/www.dentalux.rs\/de\/wp-json\/wp\/v2\/types\/page"}],"author":[{"embeddable":true,"href":"https:\/\/www.dentalux.rs\/de\/wp-json\/wp\/v2\/users\/1"}],"replies":[{"embeddable":true,"href":"https:\/\/www.dentalux.rs\/de\/wp-json\/wp\/v2\/comments?post=44390"}],"version-history":[{"count":3,"href":"https:\/\/www.dentalux.rs\/de\/wp-json\/wp\/v2\/pages\/44390\/revisions"}],"predecessor-version":[{"id":49050,"href":"https:\/\/www.dentalux.rs\/de\/wp-json\/wp\/v2\/pages\/44390\/revisions\/49050"}],"wp:featuredmedia":[{"embeddable":true,"href":"https:\/\/www.dentalux.rs\/de\/wp-json\/wp\/v2\/media\/49024"}],"wp:attachment":[{"href":"https:\/\/www.dentalux.rs\/de\/wp-json\/wp\/v2\/media?parent=44390"}],"curies":[{"name":"wp","href":"https:\/\/api.w.org\/{rel}","templated":true}]}}