{"id":41430,"date":"2015-04-27T10:33:01","date_gmt":"2015-04-27T14:33:01","guid":{"rendered":"https:\/\/www.dentalux.rs\/?page_id=41430"},"modified":"2015-04-27T10:33:01","modified_gmt":"2015-04-27T14:33:01","slug":"dienstleistungen","status":"publish","type":"page","link":"https:\/\/www.dentalux.rs\/de\/dienstleistungen\/","title":{"rendered":"DIENSTLEISTUNGEN"},"content":{"rendered":"<div class=\"wpb-content-wrapper\"><p>[vc_row row_type=&#8220;row&#8220; use_row_as_full_screen_section=&#8220;no&#8220; type=&#8220;grid&#8220; in_content_menu=&#8220;&#8220; icon_pack=&#8220;font_awesome&#8220; oblique_section=&#8220;no&#8220; oblique_section_top_and_bottom=&#8220;both&#8220; oblique_section_position=&#8220;from_left_to_right&#8220; text_align=&#8220;left&#8220; pattern_background=&#8220;&#8220; full_screen_section_height=&#8220;no&#8220; vertically_align_content_in_middle=&#8220;no&#8220; padding_top=&#8220;50&#8243; padding_bottom=&#8220;50&#8243;][vc_column width=&#8220;1\/1&#8243;][vc_column_text]<\/p>\n<h4><strong>1. Kinderzahnheilkunde und Prophylaxe\u00a0\/<\/strong>\u00a0Dr Sr\u0111an Konatar<\/h4>\n<p>[\/vc_column_text][vc_separator type=&#8220;transparent&#8220; position=&#8220;center&#8220; up=&#8220;17&#8243; down=&#8220;0&#8243;][vc_column_text]<\/p>\n<h4><strong>2. Restaurative Zahnheilkunde und Endodontie\u00a0\/<\/strong> Dr Zoran Staji\u0107, Dr Sr\u0111an Konatar<\/h4>\n<p>[\/vc_column_text][vc_separator type=&#8220;transparent&#8220; position=&#8220;center&#8220; up=&#8220;17&#8243; down=&#8220;0&#8243;][vc_column_text]<\/p>\n<h4><strong>3. Zahn\u00e4rztliche Prothetik\u00a0\/<\/strong> Dr Zoran Staji\u0107, Dr Sr\u0111an Konatar<\/h4>\n<p>[\/vc_column_text][vc_column_text]Teilprothesen: klassische Akryl-Prothesen, Valplast Prothesen (aus elastischem Akryl), skelettierte Prothesen<br \/>\nTotalprothesen: klassische metall-keramische Br\u00fccken und Kronen, vollkeramische Kronen und Br\u00fccken, keramische Veneers.[\/vc_column_text][vc_separator type=&#8220;transparent&#8220; position=&#8220;center&#8220; up=&#8220;17&#8243; down=&#8220;0&#8243;][vc_column_text]<\/p>\n<h4><strong>4. Oralchirurgie\u00a0\/<\/strong> Dr Zoran Staji\u0107<\/h4>\n<p>[\/vc_column_text][vc_column_text]- Entfernung der Z\u00e4hne<br \/>\n&#8211; Behandlung von Infektionen<br \/>\n&#8211; Wurzelspitzenresektion<br \/>\n&#8211; Operative Entfernung der impaktierten Z\u00e4hne (Weisheitsz\u00e4hne, Eckz\u00e4hne, Vormahlz\u00e4hne, \u00fcberz\u00e4hlige Z\u00e4hne)<br \/>\n&#8211; Extirpation der Kieferzysten<br \/>\n&#8211; Chirurgische Zhnentfernunga<br \/>\n&#8211; Chirurgische Eingriffe an den Nasennebenh\u00f6hlen (falls es bei der Zahnentfernung zu dem \u00d6ffnen der Nasennebenh\u00f6hle kommt)<br \/>\n&#8211; Extirpation der gutartigen Kiefertumoren und des weichen Mundgewebes<br \/>\n&#8211; Befreiung der impaktierten Z\u00e4hne zu dem Zweck der Einsetzung von Zahnspangen<br \/>\n&#8211; Lippen- und Zungenb\u00e4ndchenkorrektur \u2013 Frenulectomie<br \/>\nAlle chirurgischen Eingriffe werden als Kombination klassischer ( Skalpell) und moderner( Laser) Methoden durchgef\u00fchrt. Manchmal verwenden wir aber auch nur eine der zwei chirurgichen Methoden, je nach den Heilanzeigen. Wir setzen in unserer Praxis zwei Lasertypen: CO2 und Erbium -YAG und Waterlase iPlus 2.0[\/vc_column_text][vc_separator type=&#8220;transparent&#8220; position=&#8220;center&#8220; up=&#8220;17&#8243; down=&#8220;0&#8243;][vc_column_text]<\/p>\n<h4><strong>5. Paradontologie\u00a0\/<\/strong> Dr Zoran Staji\u0107<\/h4>\n<p>[\/vc_column_text][vc_column_text]- konservative Behandlung der ersten Zeichen von Paradontitis<br \/>\n&#8211; chirurgische Behandlung der Paradontitis \u2013 Behandlung mit dem Erbium- YAG Laser und Waterlase iPlus 2.0<br \/>\n&#8211; Plastische Paradontalchirurgie \u2013 chirurgische Therapie der Gingivarezession (sog. Zahnfleischr\u00fcckgang)[\/vc_column_text][vc_separator type=&#8220;transparent&#8220; position=&#8220;center&#8220; up=&#8220;17&#8243; down=&#8220;0&#8243;][vc_column_text]<\/p>\n<h4>6. Implantologie\u00a0\/ Dr Zoran Staji\u0107<\/h4>\n<p>[\/vc_column_text][vc_column_text]- Einsetzen von Zahnimplantaten<br \/>\n&#8211; Vorbereiten des Kieferknochens f\u00fcr das Einsetzen eines Implantats &#8211; &#8211; Augmentation des Alveolarkamms<br \/>\n&#8211; Verdicken des kn\u00f6chernen Bodens der Kieferh\u00f6hle (Sinus maxillaris) \u2013 Sinuslift[\/vc_column_text][vc_separator type=&#8220;transparent&#8220; position=&#8220;center&#8220; up=&#8220;17&#8243; down=&#8220;0&#8243;][vc_column_text]<\/p>\n<h4><strong>7. \u00c4sthetische Zahnheilkunde\u00a0\/<\/strong> Dr Zoran Staji\u0107, Dr Sr\u0111an Konatar<\/h4>\n<p>[\/vc_column_text][vc_column_text]- Zahnaufhellung<br \/>\n&#8211; Zahnschmuck<br \/>\n&#8211; Vollkeramikkronen und Veneers[\/vc_column_text][vc_separator type=&#8220;transparent&#8220; position=&#8220;center&#8220; up=&#8220;17&#8243; down=&#8220;0&#8243;][vc_column_text]<\/p>\n<h4><strong>8. Orthodontie\u00a0\/<\/strong> Dr Jadran Stojadinovi\u0107<\/h4>\n<p>[\/vc_column_text][vc_column_text]- herausnehmbare Zahnspangen<br \/>\n&#8211; festsitzende Zahnspangen<br \/>\n&#8211; \u00c4sthetische Zahnspangen (in Zahnfarben)[\/vc_column_text][\/vc_column][\/vc_row]<\/p>\n<\/div>","protected":false},"excerpt":{"rendered":"<p>[vc_row row_type=&#8220;row&#8220; use_row_as_full_screen_section=&#8220;no&#8220; type=&#8220;grid&#8220; in_content_menu=&#8220;&#8220; icon_pack=&#8220;font_awesome&#8220; oblique_section=&#8220;no&#8220; oblique_section_top_and_bottom=&#8220;both&#8220; oblique_section_position=&#8220;from_left_to_right&#8220; text_align=&#8220;left&#8220; pattern_background=&#8220;&#8220; full_screen_section_height=&#8220;no&#8220; vertically_align_content_in_middle=&#8220;no&#8220; padding_top=&#8220;50&#8243; padding_bottom=&#8220;50&#8243;][vc_column width=&#8220;1\/1&#8243;][vc_column_text] 1. Kinderzahnheilkunde und Prophylaxe\u00a0\/\u00a0Dr Sr\u0111an Konatar [\/vc_column_text][vc_separator type=&#8220;transparent&#8220; position=&#8220;center&#8220; up=&#8220;17&#8243; down=&#8220;0&#8243;][vc_column_text] 2. Restaurative Zahnheilkunde und Endodontie\u00a0\/ Dr Zoran Staji\u0107, Dr Sr\u0111an Konatar [\/vc_column_text][vc_separator type=&#8220;transparent&#8220; position=&#8220;center&#8220; up=&#8220;17&#8243; down=&#8220;0&#8243;][vc_column_text] 3. Zahn\u00e4rztliche&#8230;<\/p>\n","protected":false},"author":1,"featured_media":0,"parent":0,"menu_order":0,"comment_status":"open","ping_status":"open","template":"full_width.php","meta":{"footnotes":""},"class_list":["post-41430","page","type-page","status-publish","hentry"],"_links":{"self":[{"href":"https:\/\/www.dentalux.rs\/de\/wp-json\/wp\/v2\/pages\/41430","targetHints":{"allow":["GET"]}}],"collection":[{"href":"https:\/\/www.dentalux.rs\/de\/wp-json\/wp\/v2\/pages"}],"about":[{"href":"https:\/\/www.dentalux.rs\/de\/wp-json\/wp\/v2\/types\/page"}],"author":[{"embeddable":true,"href":"https:\/\/www.dentalux.rs\/de\/wp-json\/wp\/v2\/users\/1"}],"replies":[{"embeddable":true,"href":"https:\/\/www.dentalux.rs\/de\/wp-json\/wp\/v2\/comments?post=41430"}],"version-history":[{"count":0,"href":"https:\/\/www.dentalux.rs\/de\/wp-json\/wp\/v2\/pages\/41430\/revisions"}],"wp:attachment":[{"href":"https:\/\/www.dentalux.rs\/de\/wp-json\/wp\/v2\/media?parent=41430"}],"curies":[{"name":"wp","href":"https:\/\/api.w.org\/{rel}","templated":true}]}}